{"id":1810,"date":"2023-03-01T21:35:26","date_gmt":"2023-03-01T21:35:26","guid":{"rendered":"https:\/\/eccuatank.com\/?page_id=1810"},"modified":"2025-01-27T07:28:19","modified_gmt":"2025-01-27T07:28:19","slug":"liivaeraldajad","status":"publish","type":"page","link":"https:\/\/eccua.ee\/en_gb\/liivaeraldajad\/","title":{"rendered":"Liiva &#8211; mudaeraldajad"},"content":{"rendered":"<p>[et_pb_section fb_built=&#8221;1&#8243; _builder_version=&#8221;4.20.2&#8243; _module_preset=&#8221;default&#8221; background_color=&#8221;#ECECEB&#8221; global_colors_info=&#8221;{}&#8221;][et_pb_row column_structure=&#8221;1_2,1_2&#8243; _builder_version=&#8221;4.20.2&#8243; _module_preset=&#8221;default&#8221; global_colors_info=&#8221;{}&#8221;][et_pb_column type=&#8221;1_2&#8243; _builder_version=&#8221;4.20.2&#8243; _module_preset=&#8221;default&#8221; global_colors_info=&#8221;{}&#8221;][et_pb_text _builder_version=&#8221;4.20.2&#8243; _module_preset=&#8221;default&#8221; text_font=&#8221;Abel|700|||||||&#8221; text_font_size=&#8221;3vw&#8221; text_letter_spacing=&#8221;5px&#8221; header_font=&#8221;Abel||||||||&#8221; global_colors_info=&#8221;{}&#8221;]<\/p>\n<p>SAND-<\/p>\n<p>SLUDGE SEPARATORS<\/p>\n<p>[\/et_pb_text][et_pb_blurb image=&#8221;https:\/\/eccua.ee\/wp-content\/uploads\/2023\/04\/Liiva-mudaeraldaja-5m3-Pallis.81.jpg&#8221; _builder_version=&#8221;4.20.2&#8243; _module_preset=&#8221;default&#8221; animation=&#8221;off&#8221; border_radii_image=&#8221;on|5px|5px|5px|5px&#8221; global_colors_info=&#8221;{}&#8221;]<\/p>\n<p><span>Our range includes sand and sludge separators from 600 liters to 60,000 liters. Smaller separators are manufactured using rotational molding from PE plastic, while separators starting from 4,000 liters are made of wound fiberglass. For covers, we offer both cast iron and plastic options.<\/span><\/p>\n<p>[\/et_pb_blurb][et_pb_text content_tablet=&#8221;<\/p>\n<p><span>LIIVA- JA MUDAERALDAJA SUURUSTE M\u00c4\u00c4RAMINE:<\/span><\/p>\n<p>&#8221; content_phone=&#8221;<\/p>\n<p><span>SAND AND SLUDGE SEPARATOR<br \/><\/span><span> SIZE DETERMINATION:<\/span><\/p>\n<p>&#8221; content_last_edited=&#8221;on|phone&#8221; _builder_version=&#8221;4.20.2&#8243; _module_preset=&#8221;default&#8221; text_font=&#8221;Abel|700|||||||&#8221; text_font_size=&#8221;1.5vw&#8221; text_letter_spacing=&#8221;2px&#8221; header_font=&#8221;Abel||||||||&#8221; text_orientation=&#8221;center&#8221; text_font_size_tablet=&#8221;3vw&#8221; text_font_size_phone=&#8221;4.5vw&#8221; text_font_size_last_edited=&#8221;on|phone&#8221; text_orientation_tablet=&#8221;left&#8221; text_orientation_phone=&#8221;center&#8221; text_orientation_last_edited=&#8221;on|tablet&#8221; locked=&#8221;off&#8221; global_colors_info=&#8221;{}&#8221;]<\/p>\n<p><span>SAND AND SLUDGE SEPARATOR<br \/>SIZE DETERMINATION:<\/span><\/p>\n<p>[\/et_pb_text][et_pb_tabs active_tab_background_color=&#8221;#747C79&#8243; _builder_version=&#8221;4.20.2&#8243; _module_preset=&#8221;default&#8221; border_radii=&#8221;on|5px|5px|5px|5px&#8221; global_colors_info=&#8221;{}&#8221;][et_pb_tab title=&#8221;V\u00c4IKE&#8221; _builder_version=&#8221;4.20.2&#8243; _module_preset=&#8221;default&#8221; global_colors_info=&#8221;{}&#8221;]<\/p>\n<ul>\n<li>process water with a small amount of sand<\/li>\n<li>all rainwater collection areas where a small presence of sand and sludge has been identified, such as gas stations or roof<\/li>\n<\/ul>\n<p>100 x NS<\/p>\n<p>[\/et_pb_tab][et_pb_tab title=&#8221;KESKMINE&#8221; _builder_version=&#8221;4.20.2&#8243; _module_preset=&#8221;default&#8221; global_colors_info=&#8221;{}&#8221;]<\/p>\n<ul>\n<li>gas stations, car wash facilities, partial washing areas<\/li>\n<li>bus wash facilities<\/li>\n<li>wastewater from garages and car parking areas<\/li>\n<li>power plants, machine industries<\/li>\n<\/ul>\n<p>200 x NS<\/p>\n<p>[\/et_pb_tab][et_pb_tab title=&#8221;SUUR&#8221; _builder_version=&#8221;4.20.2&#8243; _module_preset=&#8221;default&#8221; global_colors_info=&#8221;{}&#8221;]<\/p>\n<ul>\n<li>construction machinery washing areas, construction equipment wash facilities, agricultural equipment washing locations<\/li>\n<li>truck wash facilities<\/li>\n<li>automatic car washes, such as roll-over car washes or wash tunnels<\/li>\n<\/ul>\n<p>300 x NS<\/p>\n<p>[\/et_pb_tab][\/et_pb_tabs][et_pb_button button_url=&#8221;https:\/\/eccua.ee\/contact\/&#8221; button_text=&#8221;K\u00fcsi pakkumist!&#8221; button_alignment=&#8221;center&#8221; _builder_version=&#8221;4.20.2&#8243; _module_preset=&#8221;default&#8221; custom_button=&#8221;on&#8221; button_text_size=&#8221;1.5vw&#8221; button_text_color=&#8221;#254D3D&#8221; button_bg_color=&#8221;RGBA(255,255,255,0)&#8221; button_border_width=&#8221;2px&#8221; button_border_radius=&#8221;5px&#8221; button_letter_spacing=&#8221;0px&#8221; button_font=&#8221;|||on|||||&#8221; button_icon=&#8221;&#xe010;||divi||400&#8243; button_text_size_tablet=&#8221;2.5vw&#8221; button_text_size_phone=&#8221;3.5vw&#8221; button_text_size_last_edited=&#8221;on|desktop&#8221; global_colors_info=&#8221;{}&#8221;][\/et_pb_button][\/et_pb_column][et_pb_column type=&#8221;1_2&#8243; _builder_version=&#8221;4.20.2&#8243; _module_preset=&#8221;default&#8221; global_colors_info=&#8221;{}&#8221;][et_pb_text _builder_version=&#8221;4.20.2&#8243; _module_preset=&#8221;default&#8221; text_font=&#8221;Abel|700|||||||&#8221; text_font_size=&#8221;1.5vw&#8221; text_letter_spacing=&#8221;2px&#8221; header_font=&#8221;Abel||||||||&#8221; text_font_size_tablet=&#8221;3vw&#8221; text_font_size_phone=&#8221;4.5vw&#8221; text_font_size_last_edited=&#8221;on|phone&#8221; locked=&#8221;off&#8221; global_colors_info=&#8221;{}&#8221;]<\/p>\n<p><span>DRAWINGS<\/span><\/p>\n<p>[\/et_pb_text][et_pb_blurb image=&#8221;https:\/\/eccua.ee\/wp-content\/uploads\/2025\/01\/ISO-14001-2015-1-150&#215;150.jpeg&#8221; icon_placement=&#8221;left&#8221; _builder_version=&#8221;4.20.2&#8243; _module_preset=&#8221;default&#8221; custom_padding=&#8221;3px|||||&#8221; global_colors_info=&#8221;{}&#8221;]<a href=\"https:\/\/eccua.ee\/wp-content\/uploads\/2025\/02\/ISO-140012015-scaled.jpeg\">Certificate<\/a>[\/et_pb_blurb][et_pb_blurb image=&#8221;https:\/\/eccua.ee\/wp-content\/uploads\/2025\/01\/ISO_9001-2015.jpg-150&#215;150.png&#8221; icon_placement=&#8221;left&#8221; _builder_version=&#8221;4.20.2&#8243; _module_preset=&#8221;default&#8221; global_colors_info=&#8221;{}&#8221;]<\/p>\n<p><a href=\"https:\/\/eccua.ee\/wp-content\/uploads\/2025\/01\/06.-Jan-Document-3.pdf\">Certificate<\/a><\/p>\n<p>[\/et_pb_blurb][et_pb_accordion _builder_version=&#8221;4.20.2&#8243; _module_preset=&#8221;default&#8221; closed_toggle_font=&#8221;||||||||&#8221; custom_margin=&#8221;||||false|false&#8221; custom_padding=&#8221;||||false|false&#8221; hover_enabled=&#8221;0&#8243; global_colors_info=&#8221;{}&#8221; sticky_enabled=&#8221;0&#8243;][et_pb_accordion_item title=&#8221;Liiva-mudaeraldaja 3m3 pallis&#8221; open=&#8221;on&#8221; _builder_version=&#8221;4.20.2&#8243; _module_preset=&#8221;default&#8221; global_colors_info=&#8221;{}&#8221;]<\/p>\n<p>Files for download:<\/p>\n<table border=\"0\" style=\"height: 24px; width: 100%; border-collapse: collapse; border-style: dotted;\">\n<tbody>\n<tr style=\"height: 24px;\">\n<td style=\"width: 33.3333%; height: 24px;\"><a href=\"https:\/\/eccua.ee\/wp-content\/uploads\/2023\/04\/Liiva-mudaeraldaja-3m3-pallis-28.03.23-1.dwg\">DWG<\/a><\/td>\n<td style=\"width: 33.3333%; height: 24px;\"><a href=\"https:\/\/eccua.ee\/wp-content\/uploads\/2023\/02\/ECCUA2021_445x6303mmBleed_CMYKGoldPMS.pdf\" target=\"_blank\" rel=\"noopener\"><\/a><a href=\"https:\/\/eccua.ee\/wp-content\/uploads\/2023\/04\/Liiva-mudaeraldaja-3m3-pallis-28.03.23.stp\">STP<\/a><\/td>\n<td style=\"width: 33.3333%; height: 24px;\"><a href=\"https:\/\/eccua.ee\/wp-content\/uploads\/2025\/01\/Sand-mud-seprator-PE-3-m3-.pdf\">ORDER FORM<\/a><\/td>\n<\/tr>\n<\/tbody>\n<\/table>\n<p>[\/et_pb_accordion_item][et_pb_accordion_item title=&#8221;Liiva-mudaeraldaja 4m3 pallis&#8221; open_toggle_background_color=&#8221;RGBA(255,255,255,0)&#8221; closed_toggle_background_color=&#8221;RGBA(255,255,255,0)&#8221; icon_color=&#8221;#333333&#8243; toggle_icon=&#8221;&#xe050;||divi||400&#8243; _builder_version=&#8221;4.20.2&#8243; _module_preset=&#8221;default&#8221; background_color=&#8221;RGBA(255,255,255,0)&#8221; background_enable_color=&#8221;on&#8221; border_radii=&#8221;on|0px|0px|0px|0px&#8221; border_width_all=&#8221;0px&#8221; border_width_bottom=&#8221;1px&#8221; global_colors_info=&#8221;{}&#8221; open=&#8221;off&#8221;]<\/p>\n<p>Files for download:<\/p>\n<table border=\"1\" style=\"width: 100%; border-collapse: collapse; border-style: solid;\">\n<tbody>\n<tr>\n<td style=\"width: 33.3333%;\"><a href=\"https:\/\/eccua.ee\/wp-content\/uploads\/2023\/02\/ECCUA2021_445x6303mmBleed_CMYKGoldPMS.pdf\" target=\"_blank\" rel=\"noopener\">DWG<\/a><\/td>\n<td style=\"width: 33.3333%;\"><a href=\"https:\/\/eccua.ee\/wp-content\/uploads\/2023\/04\/Liiva-mudaeraldaja-4m3-28.03.23.stp\" download=\"\">STP<\/a><\/td>\n<td style=\"width: 33.3333%;\"><a href=\"https:\/\/eccua.ee\/wp-content\/uploads\/2025\/01\/Sand-mud-seprator-GRP-4-m3-.pdf\">ORDER FORM<\/a><\/td>\n<\/tr>\n<\/tbody>\n<\/table>\n<p>[\/et_pb_accordion_item][et_pb_accordion_item title=&#8221;Liiva-mudaeraldaja 5m3 pallis&#8221; open_toggle_background_color=&#8221;RGBA(255,255,255,0)&#8221; closed_toggle_background_color=&#8221;RGBA(255,255,255,0)&#8221; icon_color=&#8221;#333333&#8243; toggle_icon=&#8221;&#xe050;||divi||400&#8243; _builder_version=&#8221;4.20.2&#8243; _module_preset=&#8221;default&#8221; background_color=&#8221;RGBA(255,255,255,0)&#8221; background_enable_color=&#8221;on&#8221; border_radii=&#8221;on|0px|0px|0px|0px&#8221; border_width_all=&#8221;0px&#8221; border_width_bottom=&#8221;1px&#8221; global_colors_info=&#8221;{}&#8221; open=&#8221;off&#8221;]<\/p>\n<p>Files for download:<\/p>\n<table border=\"1\" style=\"width: 100%; border-collapse: collapse; border-style: solid;\">\n<tbody>\n<tr>\n<td style=\"width: 33.3333%;\"><a href=\"https:\/\/eccua.ee\/wp-content\/uploads\/2023\/04\/Liiva-mudaeraldaja-5m3-Pallis-28.03.23.dwg\" target=\"_blank\" rel=\"noopener\">DWG<\/a><\/td>\n<td style=\"width: 33.3333%;\"><a href=\"https:\/\/eccua.ee\/wp-content\/uploads\/2023\/04\/Liiva-mudaeraldaja-5m3-Pallis-28.03.23.stp\" download=\"\">STP<\/a><\/td>\n<td style=\"width: 33.3333%;\"><a href=\"https:\/\/eccua.ee\/wp-content\/uploads\/2025\/01\/Sand-mud-seprator-PE-5-m3-.pdf\">ORDER FORM<\/a><\/td>\n<\/tr>\n<\/tbody>\n<\/table>\n<p>[\/et_pb_accordion_item][et_pb_accordion_item title=&#8221;Liiva-mudaeraldaja 7m3 &#8221; open_toggle_background_color=&#8221;RGBA(255,255,255,0)&#8221; closed_toggle_background_color=&#8221;RGBA(255,255,255,0)&#8221; icon_color=&#8221;#333333&#8243; _builder_version=&#8221;4.20.2&#8243; _module_preset=&#8221;default&#8221; background_color=&#8221;RGBA(255,255,255,0)&#8221; background_enable_color=&#8221;on&#8221; hover_enabled=&#8221;0&#8243; border_radii=&#8221;on|0px|0px|0px|0px&#8221; border_width_all=&#8221;0px&#8221; border_width_bottom=&#8221;1px&#8221; global_colors_info=&#8221;{}&#8221; open=&#8221;off&#8221; sticky_enabled=&#8221;0&#8243;]<\/p>\n<p>Files for download:<\/p>\n<table border=\"1\" style=\"width: 100%; border-collapse: collapse; border-style: solid; height: 24px;\">\n<tbody>\n<tr style=\"height: 24px;\">\n<td style=\"width: 33.3333%; height: 24px;\"><a href=\"https:\/\/eccua.ee\/wp-content\/uploads\/2023\/04\/Liiva-mudaeraldaja-7m3-28.03.23.dwg\" target=\"_blank\" rel=\"noopener\">DWG<\/a><\/td>\n<td style=\"width: 33.3333%; height: 24px;\"><a href=\"https:\/\/eccua.ee\/wp-content\/uploads\/2023\/04\/Liiva-mudaeraldaja-7m3-28.03.23.stp\" download=\"\">STP<\/a><\/td>\n<td style=\"width: 33.3333%; height: 24px;\"><a href=\"https:\/\/eccua.ee\/wp-content\/uploads\/2025\/01\/Sand-mud-seprator-GRP-7-m3-.pdf\">ORDER FORM<\/a><\/td>\n<\/tr>\n<\/tbody>\n<\/table>\n<p>[\/et_pb_accordion_item][et_pb_accordion_item title=&#8221;Liiva-mudaeraldaja 10m3 &#8221; open_toggle_background_color=&#8221;RGBA(255,255,255,0)&#8221; closed_toggle_background_color=&#8221;RGBA(255,255,255,0)&#8221; icon_color=&#8221;#333333&#8243; _builder_version=&#8221;4.20.2&#8243; _module_preset=&#8221;default&#8221; background_color=&#8221;RGBA(255,255,255,0)&#8221; background_enable_color=&#8221;on&#8221; hover_enabled=&#8221;0&#8243; border_radii=&#8221;on|0px|0px|0px|0px&#8221; border_width_all=&#8221;0px&#8221; border_width_bottom=&#8221;1px&#8221; global_colors_info=&#8221;{}&#8221; open=&#8221;off&#8221; sticky_enabled=&#8221;0&#8243;]<\/p>\n<p>Files for download:<\/p>\n<table border=\"1\" style=\"width: 100%; border-collapse: collapse; border-style: solid;\">\n<tbody>\n<tr>\n<td style=\"width: 33.3333%;\"><a href=\"https:\/\/eccua.ee\/wp-content\/uploads\/2023\/04\/Liiva-mudaeraldaja-10m3-D1600-28.03.23.dwg\" target=\"_blank\" rel=\"noopener\">DWG<\/a><\/td>\n<td style=\"width: 33.3333%;\"><a href=\"https:\/\/eccua.ee\/wp-content\/uploads\/2023\/04\/Liiva-mudaeraldaja-10m3-D1600-20.02.23.stp\" download=\"\">STP<\/a><\/td>\n<td style=\"width: 33.3333%;\"><a href=\"https:\/\/eccua.ee\/wp-content\/uploads\/2025\/01\/Sand-mud-seprator-GRP-10-m3-.pdf\">ORDER FORM<\/a><\/td>\n<\/tr>\n<\/tbody>\n<\/table>\n<p>[\/et_pb_accordion_item][et_pb_accordion_item title=&#8221;Liiva-mudaeraldaja 13m3 &#8221; open_toggle_background_color=&#8221;RGBA(255,255,255,0)&#8221; closed_toggle_background_color=&#8221;RGBA(255,255,255,0)&#8221; icon_color=&#8221;#333333&#8243; _builder_version=&#8221;4.20.2&#8243; _module_preset=&#8221;default&#8221; background_color=&#8221;RGBA(255,255,255,0)&#8221; background_enable_color=&#8221;on&#8221; hover_enabled=&#8221;0&#8243; border_radii=&#8221;on|0px|0px|0px|0px&#8221; border_width_all=&#8221;0px&#8221; border_width_bottom=&#8221;1px&#8221; global_colors_info=&#8221;{}&#8221; open=&#8221;off&#8221; sticky_enabled=&#8221;0&#8243;]<\/p>\n<p>Files for download:<\/p>\n<table border=\"1\" style=\"width: 100%; border-collapse: collapse; border-style: solid;\">\n<tbody>\n<tr>\n<td style=\"width: 33.3333%;\"><a href=\"https:\/\/eccua.ee\/wp-content\/uploads\/2023\/04\/Liiva-mudaeraldaja-13m3-D1600.dwg\" target=\"_blank\" rel=\"noopener\">DWG<\/a><\/td>\n<td style=\"width: 33.3333%;\"><a href=\"https:\/\/eccua.ee\/wp-content\/uploads\/2023\/04\/Liiva-mudaeraldaja-13m3-D1600.stp\" download=\"\">STP<\/a><\/td>\n<td style=\"width: 33.3333%;\"><a href=\"https:\/\/eccua.ee\/wp-content\/uploads\/2025\/01\/Sand-mud-seprator-GRP-13-m3-.pdfv\">ORDER FORM<\/a><\/td>\n<\/tr>\n<\/tbody>\n<\/table>\n<p>[\/et_pb_accordion_item][et_pb_accordion_item title=&#8221;Liiva-mudaeraldaja 40m3 &#8221; open_toggle_background_color=&#8221;RGBA(255,255,255,0)&#8221; closed_toggle_background_color=&#8221;RGBA(255,255,255,0)&#8221; icon_color=&#8221;#333333&#8243; _builder_version=&#8221;4.20.2&#8243; _module_preset=&#8221;default&#8221; background_color=&#8221;RGBA(255,255,255,0)&#8221; background_enable_color=&#8221;on&#8221; hover_enabled=&#8221;0&#8243; border_radii=&#8221;on|0px|0px|0px|0px&#8221; border_width_all=&#8221;0px&#8221; border_width_bottom=&#8221;1px&#8221; global_colors_info=&#8221;{}&#8221; open=&#8221;off&#8221; sticky_enabled=&#8221;0&#8243;]<\/p>\n<p>Files for download:<\/p>\n<table border=\"1\" style=\"width: 100%; border-collapse: collapse; border-style: solid;\">\n<tbody>\n<tr>\n<td style=\"width: 33.3333%;\"><a href=\"https:\/\/eccua.ee\/wp-content\/uploads\/2023\/04\/Liiva-mudaeraldaja-13m3-D1600.dwg\" target=\"_blank\" rel=\"noopener\">DWG<\/a><\/td>\n<td style=\"width: 33.3333%;\"><a href=\"https:\/\/eccua.ee\/wp-content\/uploads\/2023\/04\/Liiva-mudaeraldaja-13m3-D1600.stp\" download=\"\">STP<\/a><\/td>\n<td style=\"width: 33.3333%;\"><a href=\"https:\/\/eccua.ee\/wp-content\/uploads\/2025\/01\/Sand-mud-seprator-GRP-13-m3-.pdfv\">ORDER FORM<\/a><\/td>\n<\/tr>\n<\/tbody>\n<\/table>\n<p>[\/et_pb_accordion_item][\/et_pb_accordion][\/et_pb_column][\/et_pb_row][\/et_pb_section]<\/p>","protected":false},"excerpt":{"rendered":"<p>LIIVA- MUDAERALDAJADMeie valikus on liiva-mudaeraldajad alates 600-st liitrist \u00a0kuni 60 000 liitrini -ni. V\u00e4ikesemad eraldajad valmistame rotatsioonvalumeetodil PE-plastikust ja eraldajad alates 4000 l-st keritud klaasplastist. Luukidest pakume nii malm- kui ka plastikluuke.LIIVA- JA MUDAERALDAJASUURUSTE M\u00c4\u00c4RAMINE: protsessivesi m\u00e4\u00e4ratud v\u00e4ikese liiva hulgaga k\u00f5ik vihmavee kogumise alad kus on tuvastatud v\u00e4ikene liiva-muda esinemine nagu tanklad v\u00f5i katusega kaetud [&hellip;]<\/p>","protected":false},"author":3,"featured_media":0,"parent":0,"menu_order":0,"comment_status":"closed","ping_status":"closed","template":"","meta":{"_et_pb_use_builder":"on","_et_pb_old_content":"","_et_gb_content_width":"","_uag_custom_page_level_css":"","footnotes":""},"class_list":["post-1810","page","type-page","status-publish","hentry"],"uagb_featured_image_src":{"full":false,"thumbnail":false,"medium":false,"medium_large":false,"large":false,"1536x1536":false,"2048x2048":false,"trp-custom-language-flag":false,"et-pb-post-main-image":false,"et-pb-post-main-image-fullwidth":false,"et-pb-portfolio-image":false,"et-pb-portfolio-module-image":false,"et-pb-portfolio-image-single":false,"et-pb-gallery-module-image-portrait":false,"et-pb-post-main-image-fullwidth-large":false,"et-pb-image--responsive--desktop":false,"et-pb-image--responsive--tablet":false,"et-pb-image--responsive--phone":false},"uagb_author_info":{"display_name":"Kadri-Ly Miil","author_link":"https:\/\/eccua.ee\/en_gb\/author\/kadri-ly\/"},"uagb_comment_info":0,"uagb_excerpt":"LIIVA- MUDAERALDAJADMeie valikus on liiva-mudaeraldajad alates 600-st liitrist \u00a0kuni 60 000 liitrini -ni. V\u00e4ikesemad eraldajad valmistame rotatsioonvalumeetodil PE-plastikust ja eraldajad alates 4000 l-st keritud klaasplastist. Luukidest pakume nii malm- kui ka plastikluuke.LIIVA- JA MUDAERALDAJASUURUSTE M\u00c4\u00c4RAMINE: protsessivesi m\u00e4\u00e4ratud v\u00e4ikese liiva hulgaga k\u00f5ik vihmavee kogumise alad kus on tuvastatud v\u00e4ikene liiva-muda esinemine nagu tanklad v\u00f5i katusega kaetud&hellip;","jetpack_sharing_enabled":true,"_links":{"self":[{"href":"https:\/\/eccua.ee\/en_gb\/wp-json\/wp\/v2\/pages\/1810","targetHints":{"allow":["GET"]}}],"collection":[{"href":"https:\/\/eccua.ee\/en_gb\/wp-json\/wp\/v2\/pages"}],"about":[{"href":"https:\/\/eccua.ee\/en_gb\/wp-json\/wp\/v2\/types\/page"}],"author":[{"embeddable":true,"href":"https:\/\/eccua.ee\/en_gb\/wp-json\/wp\/v2\/users\/3"}],"replies":[{"embeddable":true,"href":"https:\/\/eccua.ee\/en_gb\/wp-json\/wp\/v2\/comments?post=1810"}],"version-history":[{"count":30,"href":"https:\/\/eccua.ee\/en_gb\/wp-json\/wp\/v2\/pages\/1810\/revisions"}],"predecessor-version":[{"id":3845,"href":"https:\/\/eccua.ee\/en_gb\/wp-json\/wp\/v2\/pages\/1810\/revisions\/3845"}],"wp:attachment":[{"href":"https:\/\/eccua.ee\/en_gb\/wp-json\/wp\/v2\/media?parent=1810"}],"curies":[{"name":"wp","href":"https:\/\/api.w.org\/{rel}","templated":true}]}}