{"id":2131,"date":"2023-04-07T12:56:23","date_gmt":"2023-04-07T12:56:23","guid":{"rendered":"https:\/\/eccuatank.com\/?page_id=2131"},"modified":"2024-03-26T07:48:43","modified_gmt":"2024-03-26T07:48:43","slug":"toostuslikud-mahutid","status":"publish","type":"page","link":"https:\/\/eccua.ee\/en_gb\/toostuslikud-mahutid\/","title":{"rendered":"Industrial tanks"},"content":{"rendered":"<p>[et_pb_section fb_built=&#8221;1&#8243; _builder_version=&#8221;4.20.2&#8243; _module_preset=&#8221;default&#8221; background_color=&#8221;#ECECEB&#8221; global_colors_info=&#8221;{}&#8221;][et_pb_row column_structure=&#8221;1_2,1_2&#8243; _builder_version=&#8221;4.20.2&#8243; _module_preset=&#8221;default&#8221; global_colors_info=&#8221;{}&#8221;][et_pb_column type=&#8221;1_2&#8243; _builder_version=&#8221;4.20.2&#8243; _module_preset=&#8221;default&#8221; global_colors_info=&#8221;{}&#8221;][et_pb_text _builder_version=&#8221;4.20.2&#8243; _module_preset=&#8221;default&#8221; text_font=&#8221;Abel|700|||||||&#8221; text_font_size=&#8221;3vw&#8221; text_letter_spacing=&#8221;5px&#8221; header_font=&#8221;Abel||||||||&#8221; global_colors_info=&#8221;{}&#8221;]<\/p>\n<p>INDUSTRIAL TANKS<\/p>\n<p>\u00a0 \u00a0 \u00a0TANKS<\/p>\n<p>[\/et_pb_text][et_pb_blurb _builder_version=&#8221;4.20.2&#8243; _module_preset=&#8221;default&#8221; animation=&#8221;off&#8221; border_radii_image=&#8221;on|5px|5px|5px|5px&#8221; global_colors_info=&#8221;{}&#8221;]<\/p>\n<h3><b><\/b><\/h3>\n<h3><b><\/b><\/h3>\n<h3><b><\/b><\/h3>\n<h3><b><\/b><\/h3>\n<h3><b>Thanks to their flexible properties, plastic containers are widely used in many areas of life and industry.<\/b><\/h3>\n<p><span style=\"font-weight: 400;\">Corrosion resistance, stability of the stored liquid, easy transport, quick installation, light weight, low maintenance - these keywords characterize modern thermoplastic containers.<\/span><\/p>\n<h3><b>Eccua Pro offers tanks of various shapes and uses:<\/b><\/h3>\n<ul>\n<li style=\"font-weight: 400;\" aria-level=\"1\"><span style=\"font-weight: 400;\">Round and cylindrical containers<\/span><\/li>\n<li style=\"font-weight: 400;\" aria-level=\"1\"><span style=\"font-weight: 400;\">Square containers<\/span><\/li>\n<li style=\"font-weight: 400;\" aria-level=\"1\"><span style=\"font-weight: 400;\">Vertical ones<\/span><\/li>\n<li style=\"font-weight: 400;\" aria-level=\"1\"><span style=\"font-weight: 400;\">Horizontal ones<\/span><\/li>\n<li style=\"font-weight: 400;\" aria-level=\"1\"><span style=\"font-weight: 400;\">Chemicals incl. to acids<\/span><\/li>\n<li style=\"font-weight: 400;\" aria-level=\"1\"><span style=\"font-weight: 400;\">For drinking water<\/span><\/li>\n<li style=\"font-weight: 400;\" aria-level=\"1\"><span style=\"font-weight: 400;\">Wastewater<\/span><\/li>\n<li style=\"font-weight: 400;\" aria-level=\"1\"><span style=\"font-weight: 400;\">Reactors for chemical processes<\/span><\/li>\n<li style=\"font-weight: 400;\" aria-level=\"1\"><span style=\"font-weight: 400;\">Processtanks<\/span><\/li>\n<li style=\"font-weight: 400;\" aria-level=\"1\"><span style=\"font-weight: 400;\">Cone containers for powders and granules<\/span><\/li>\n<li style=\"font-weight: 400;\" aria-level=\"1\"><span style=\"font-weight: 400;\">For installation both indoors and outdoors<\/span><\/li>\n<li style=\"font-weight: 400;\" aria-level=\"1\"><span style=\"font-weight: 400;\">Double-wall containers for hazardous substances<\/span><\/li>\n<li style=\"font-weight: 400;\" aria-level=\"1\"><span style=\"font-weight: 400;\">Heated tanks incl. with heating cables\u00a0<\/span><\/li>\n<\/ul>\n<p><span style=\"font-weight: 400;\">For the production of containers, we use containers with two different technologies, depending on the conditions of use - fiberglass and thermoplastics.\u00a0<\/span><\/p>\n<p><span style=\"font-weight: 400;\">To manufacture glass fiber containers, the winding method is used in the manufacture of cylinders, the glass fiber spraying method is used in the manufacture of special shaped parts, and in certain cases also hand lamination.\u00a0<\/span><\/p>\n<p><span style=\"font-weight: 400;\">We manufacture thermoplastic tanks using sheet materials of various thicknesses, for which we have a wide range of specialized equipment\u2014CNC cutters, a wide selection of extrusion welding machines, plate benders, butt-welding machines for plates and pipes, and more.<\/span><\/p>\n<p><span style=\"font-weight: 400;\"><strong>The materials used for manufacturing the tanks are:<\/strong> HDPE, PP-H, PVC, PVDF. For the storage of powders and explosive substances, we offer antistatic materials in PE and PP.<\/span><\/p>\n<p><span style=\"font-weight: 400;\">All tanks produced by Eccua are designed in accordance with the standard. <\/span><span style=\"font-weight: 400;\">DVS2205\/ EN12573<\/span><span style=\"font-weight: 400;\">DVS2205\/ EN12573, which also considers the tank's operating conditions as well as the long-term effects of the stored substances and the surrounding environment on the tank's structure.<\/span><\/p>\n<p><strong>In addition, the following can be ordered for the tanks:<\/strong><\/p>\n<ul>\n<li style=\"font-weight: 400;\" aria-level=\"1\"><span style=\"font-weight: 400;\">Various metal and fiberglass gratings and maintenance platforms.<\/span><\/li>\n<li style=\"font-weight: 400;\" aria-level=\"1\"><span style=\"font-weight: 400;\">Insulation with glass or rock wool, polyurethane, EPS, and additional covering of the insulation with various sheet materials.<\/span><\/li>\n<li style=\"font-weight: 400;\" aria-level=\"1\"><span style=\"font-weight: 400;\">Heat exchangers for heating or cooling the fluid stored in the tank.<\/span><\/li>\n<li style=\"font-weight: 400;\" aria-level=\"1\"><span style=\"font-weight: 400;\">Level monitoring, control, and alarm devices.<\/span><\/li>\n<li style=\"font-weight: 400;\" aria-level=\"1\"><span style=\"font-weight: 400;\">A wide range of various shut-off devices and pipe fittings.<\/span><\/li>\n<li style=\"font-weight: 400;\" aria-level=\"1\"><span style=\"font-weight: 400;\">Various types of pumps.<\/span><\/li>\n<\/ul>\n<p><span style=\"font-weight: 400;\">We are always able to find the most suitable solution for tank manufacturing, ensuring it is the best fit for its intended function.<\/span><\/p>\n<p>&nbsp;<\/p>\n<p>[\/et_pb_blurb][et_pb_button button_url=&#8221;https:\/\/eccua.ee\/contact\/&#8221; button_text=&#8221;K\u00fcsi pakkumist!&#8221; button_alignment=&#8221;center&#8221; _builder_version=&#8221;4.20.2&#8243; _module_preset=&#8221;default&#8221; custom_button=&#8221;on&#8221; button_text_size=&#8221;1.5vw&#8221; button_text_color=&#8221;#254D3D&#8221; button_bg_color=&#8221;RGBA(255,255,255,0)&#8221; button_border_width=&#8221;2px&#8221; button_border_radius=&#8221;5px&#8221; button_letter_spacing=&#8221;0px&#8221; button_font=&#8221;|||on|||||&#8221; button_icon=&#8221;&#xe010;||divi||400&#8243; button_text_size_tablet=&#8221;2.5vw&#8221; button_text_size_phone=&#8221;3.5vw&#8221; button_text_size_last_edited=&#8221;on|desktop&#8221; locked=&#8221;off&#8221; global_colors_info=&#8221;{}&#8221;][\/et_pb_button][\/et_pb_column][et_pb_column type=&#8221;1_2&#8243; _builder_version=&#8221;4.20.2&#8243; _module_preset=&#8221;default&#8221; global_colors_info=&#8221;{}&#8221;][et_pb_text _builder_version=&#8221;4.20.2&#8243; _module_preset=&#8221;default&#8221; text_font=&#8221;Abel|700||on|||||&#8221; text_font_size=&#8221;1.5vw&#8221; text_letter_spacing=&#8221;2px&#8221; header_font=&#8221;Abel||||||||&#8221; hover_enabled=&#8221;0&#8243; global_colors_info=&#8221;{}&#8221; sticky_enabled=&#8221;0&#8243;]<\/p>\n<p>PHOTOS:<\/p>\n<p><img data-recalc-dims=\"1\" loading=\"lazy\" decoding=\"async\" src=\"https:\/\/i0.wp.com\/eccua.ee\/wp-content\/uploads\/2024\/03\/Methanol-tanks.jpeg?resize=225%2C300&#038;ssl=1\" width=\"225\" height=\"300\" alt=\"\" class=\"wp-image-3330 alignnone size-medium\" \/><\/p>\n<p><img data-recalc-dims=\"1\" loading=\"lazy\" decoding=\"async\" src=\"https:\/\/i0.wp.com\/eccua.ee\/wp-content\/uploads\/2024\/03\/Acid-tank-PE-insulation.jpg?resize=225%2C300&#038;ssl=1\" width=\"225\" height=\"300\" alt=\"\" class=\"wp-image-3333 alignnone size-medium\" \/><\/p>\n<p><img data-recalc-dims=\"1\" loading=\"lazy\" decoding=\"async\" src=\"https:\/\/i0.wp.com\/eccua.ee\/wp-content\/uploads\/2024\/03\/Biogas-production-tanks.jpeg?resize=225%2C300&#038;ssl=1\" width=\"225\" height=\"300\" alt=\"\" class=\"wp-image-3334 alignnone size-medium\" \/><\/p>\n<p><img data-recalc-dims=\"1\" loading=\"lazy\" decoding=\"async\" src=\"https:\/\/i0.wp.com\/eccua.ee\/wp-content\/uploads\/2024\/03\/2018-08-07-11.59.57.jpg?resize=300%2C225&#038;ssl=1\" width=\"300\" height=\"225\" alt=\"\" class=\"wp-image-3332 alignnone size-medium\" \/><\/p>\n<p>[\/et_pb_text][\/et_pb_column][\/et_pb_row][\/et_pb_section]<\/p>","protected":false},"excerpt":{"rendered":"<p>T\u00d6\u00d6STUSLIKUD \u00a0 \u00a0 \u00a0MAHUTID T\u00e4nu paindlikele omadustele leiavad plastmahutid laialdast kasutamist paljudes elu- ja t\u00f6\u00f6stusvaldkondades. Korrosioonikindlus, s\u00e4ilitatava vedeliku p\u00fcsivus, lihtne transport, kiire paigaldus, kerge kaal, v\u00e4hene hooldusvajadus \u2013 need m\u00e4rks\u00f5nad iseloomustavad t\u00e4nap\u00e4evaseid termoplastmahuteid. Eccua Pro pakub erineva kuju ja kasutusotstarbega mahuteid: \u00dcmmargusi e silindermahuteid; Neljakandilisi mahuteid; Vertikaalseid Horisontaalseid Kemikaalidele k.a. hapetele Joogiveele Reoveele Reaktoreid keemilistele [&hellip;]<\/p>","protected":false},"author":3,"featured_media":0,"parent":0,"menu_order":0,"comment_status":"closed","ping_status":"closed","template":"","meta":{"_et_pb_use_builder":"on","_et_pb_old_content":"","_et_gb_content_width":"","_uag_custom_page_level_css":"","footnotes":""},"class_list":["post-2131","page","type-page","status-publish","hentry"],"uagb_featured_image_src":{"full":false,"thumbnail":false,"medium":false,"medium_large":false,"large":false,"1536x1536":false,"2048x2048":false,"trp-custom-language-flag":false,"et-pb-post-main-image":false,"et-pb-post-main-image-fullwidth":false,"et-pb-portfolio-image":false,"et-pb-portfolio-module-image":false,"et-pb-portfolio-image-single":false,"et-pb-gallery-module-image-portrait":false,"et-pb-post-main-image-fullwidth-large":false,"et-pb-image--responsive--desktop":false,"et-pb-image--responsive--tablet":false,"et-pb-image--responsive--phone":false},"uagb_author_info":{"display_name":"Kadri-Ly Miil","author_link":"https:\/\/eccua.ee\/en_gb\/author\/kadri-ly\/"},"uagb_comment_info":0,"uagb_excerpt":"T\u00d6\u00d6STUSLIKUD \u00a0 \u00a0 \u00a0MAHUTID T\u00e4nu paindlikele omadustele leiavad plastmahutid laialdast kasutamist paljudes elu- ja t\u00f6\u00f6stusvaldkondades. Korrosioonikindlus, s\u00e4ilitatava vedeliku p\u00fcsivus, lihtne transport, kiire paigaldus, kerge kaal, v\u00e4hene hooldusvajadus \u2013 need m\u00e4rks\u00f5nad iseloomustavad t\u00e4nap\u00e4evaseid termoplastmahuteid. Eccua Pro pakub erineva kuju ja kasutusotstarbega mahuteid: \u00dcmmargusi e silindermahuteid; Neljakandilisi mahuteid; Vertikaalseid Horisontaalseid Kemikaalidele k.a. hapetele Joogiveele Reoveele Reaktoreid keemilistele&hellip;","jetpack_sharing_enabled":true,"_links":{"self":[{"href":"https:\/\/eccua.ee\/en_gb\/wp-json\/wp\/v2\/pages\/2131","targetHints":{"allow":["GET"]}}],"collection":[{"href":"https:\/\/eccua.ee\/en_gb\/wp-json\/wp\/v2\/pages"}],"about":[{"href":"https:\/\/eccua.ee\/en_gb\/wp-json\/wp\/v2\/types\/page"}],"author":[{"embeddable":true,"href":"https:\/\/eccua.ee\/en_gb\/wp-json\/wp\/v2\/users\/3"}],"replies":[{"embeddable":true,"href":"https:\/\/eccua.ee\/en_gb\/wp-json\/wp\/v2\/comments?post=2131"}],"version-history":[{"count":6,"href":"https:\/\/eccua.ee\/en_gb\/wp-json\/wp\/v2\/pages\/2131\/revisions"}],"predecessor-version":[{"id":3335,"href":"https:\/\/eccua.ee\/en_gb\/wp-json\/wp\/v2\/pages\/2131\/revisions\/3335"}],"wp:attachment":[{"href":"https:\/\/eccua.ee\/en_gb\/wp-json\/wp\/v2\/media?parent=2131"}],"curies":[{"name":"wp","href":"https:\/\/api.w.org\/{rel}","templated":true}]}}