{"id":3264,"date":"2024-02-26T07:27:35","date_gmt":"2024-02-26T07:27:35","guid":{"rendered":"https:\/\/eccuatank.com\/?page_id=3264"},"modified":"2025-05-19T09:41:28","modified_gmt":"2025-05-19T09:41:28","slug":"pumplad","status":"publish","type":"page","link":"https:\/\/eccua.ee\/en_gb\/pumplad\/","title":{"rendered":"Pumpstations"},"content":{"rendered":"<p>[et_pb_section fb_built=&#8221;1&#8243; _builder_version=&#8221;4.20.2&#8243; _module_preset=&#8221;default&#8221; background_color=&#8221;#ECECEB&#8221; global_colors_info=&#8221;{}&#8221;][et_pb_row column_structure=&#8221;1_2,1_2&#8243; _builder_version=&#8221;4.20.2&#8243; _module_preset=&#8221;default&#8221; global_colors_info=&#8221;{}&#8221;][et_pb_column type=&#8221;1_2&#8243; _builder_version=&#8221;4.20.2&#8243; _module_preset=&#8221;default&#8221; global_colors_info=&#8221;{}&#8221;][et_pb_text _builder_version=&#8221;4.20.2&#8243; _module_preset=&#8221;default&#8221; text_font=&#8221;Abel|700|||||||&#8221; text_font_size=&#8221;3vw&#8221; text_letter_spacing=&#8221;5px&#8221; header_font=&#8221;Abel||||||||&#8221; global_colors_info=&#8221;{}&#8221;]<\/p>\n<p>PUMPSTATIONS<\/p>\n<p>[\/et_pb_text][et_pb_blurb image=&#8221;https:\/\/eccua.ee\/wp-content\/uploads\/2024\/02\/Pallpumpla-D2200-lahendus2.174.jpg&#8221; _builder_version=&#8221;4.20.2&#8243; _module_preset=&#8221;default&#8221; animation=&#8221;off&#8221; border_radii_image=&#8221;on|5px|5px|5px|5px&#8221; global_colors_info=&#8221;{}&#8221;]<\/p>\n<p>Eccua has over 30 years of experience in manufacturing pumping stations. During this time, we have produced more than 10,000 different pumping stations for wastewater, drainage, and drinking water, serving all the Scandinavian and Baltic countries.<\/p>\n<p>The product range of pumping stations is divided into two groups: small pumping stations for private properties and municipal pumping stations for public water supply systems.<\/p>\n<p>&nbsp;<\/p>\n<p>For the casings of the pumping stations, we use special monolithic PE plastic shells produced by rotational molding, hand-made casings from PE pipes, and reinforced fiberglass casings made by the filament winding method.<span class=\"Apple-converted-space\">\u00a0<\/span><\/p>\n<p>The smallest pumping station has a diameter of 500 mm and the largest one has a diameter of 3000 mm, with the lowest pumping station having a height of 500 mm and the deepest one having a depth of 10,000 mm. All diameters and depths within this range are also available.<\/p>\n<p>According to the specified project, we are manufacturing two-chamber pumping stations, pumping stations with service buildings, horizontally positioned pumping stations, etc.<\/p>\n<p>[\/et_pb_blurb][et_pb_button button_url=&#8221;https:\/\/eccua.ee\/contact\/&#8221; button_text=&#8221;K\u00fcsi pakkumist!&#8221; button_alignment=&#8221;center&#8221; _builder_version=&#8221;4.20.2&#8243; _module_preset=&#8221;default&#8221; custom_button=&#8221;on&#8221; button_text_size=&#8221;1.5vw&#8221; button_text_color=&#8221;#254D3D&#8221; button_bg_color=&#8221;RGBA(255,255,255,0)&#8221; button_border_width=&#8221;2px&#8221; button_border_radius=&#8221;5px&#8221; button_letter_spacing=&#8221;0px&#8221; button_font=&#8221;|||on|||||&#8221; button_icon=&#8221;&#xe010;||divi||400&#8243; button_text_size_tablet=&#8221;2.5vw&#8221; button_text_size_phone=&#8221;3.5vw&#8221; button_text_size_last_edited=&#8221;on|desktop&#8221; locked=&#8221;off&#8221; global_colors_info=&#8221;{}&#8221;][\/et_pb_button][\/et_pb_column][et_pb_column type=&#8221;1_2&#8243; _builder_version=&#8221;4.20.2&#8243; _module_preset=&#8221;default&#8221; global_colors_info=&#8221;{}&#8221;][et_pb_text _builder_version=&#8221;4.20.2&#8243; _module_preset=&#8221;default&#8221; text_font=&#8221;Abel|700||on|||||&#8221; text_font_size=&#8221;1.5vw&#8221; text_letter_spacing=&#8221;2px&#8221; header_font=&#8221;Abel||||||||&#8221; global_colors_info=&#8221;{}&#8221;]<\/p>\n<p>DRAWINGS<\/p>\n<p>[\/et_pb_text][et_pb_blurb image=&#8221;https:\/\/eccua.ee\/wp-content\/uploads\/2025\/01\/ISO-14001-2015-1-150&#215;150.jpeg&#8221; icon_placement=&#8221;left&#8221; _builder_version=&#8221;4.20.2&#8243; _module_preset=&#8221;default&#8221; global_colors_info=&#8221;{}&#8221;]<\/p>\n<p><a href=\"https:\/\/eccua.ee\/wp-content\/uploads\/2025\/02\/ISO-140012015-scaled.jpeg\">Certificate<\/a><\/p>\n<p>[\/et_pb_blurb][et_pb_blurb image=&#8221;https:\/\/eccua.ee\/wp-content\/uploads\/2025\/01\/ISO_9001-2015.jpg-150&#215;150.png&#8221; icon_placement=&#8221;left&#8221; _builder_version=&#8221;4.20.2&#8243; _module_preset=&#8221;default&#8221; global_colors_info=&#8221;{}&#8221;]<\/p>\n<p><a href=\"https:\/\/eccua.ee\/wp-content\/uploads\/2025\/01\/06.-Jan-Document-3.pdf\">Certificate<\/a><\/p>\n<p>[\/et_pb_blurb][et_pb_toggle title=&#8221;JUHENDID&#8221; _builder_version=&#8221;4.20.2&#8243; _module_preset=&#8221;default&#8221; border_radii=&#8221;on|5px|5px|5px|5px&#8221; global_colors_info=&#8221;{}&#8221;]<\/p>\n<p><a href=\"https:\/\/eccua.ee\/wp-content\/uploads\/2025\/01\/INSTALLATION-AND-MAINTENANCE-GUIDE-FOR-PE-WELL.pages\">Pump unit operation and maintenance manual<\/a><\/p>\n<p><a href=\"https:\/\/eccua.ee\/wp-content\/uploads\/2024\/07\/Pallikujuliste-kaevude-paigaldusjuhend.docx\">Installation guide for ball pump stations\/wells<\/a><br \/><a href=\"https:\/\/eccua.ee\/wp-content\/uploads\/2025\/01\/Telescopic-covers-and-well-e-xtensions-\u2205-600-and-\u2205-800.docx-1.pdf\">Telescopic covers installation and maintenance guide<br \/>\n<\/a><\/p>\n<p>&nbsp;<\/p>\n<p>[\/et_pb_toggle][et_pb_accordion _builder_version=&#8221;4.20.2&#8243; _module_preset=&#8221;default&#8221; closed_toggle_font=&#8221;||||||||&#8221; custom_margin=&#8221;||||false|false&#8221; custom_padding=&#8221;||||false|false&#8221; hover_enabled=&#8221;0&#8243; border_radii=&#8221;on|10px|10px|10px|10px&#8221; global_colors_info=&#8221;{}&#8221; sticky_enabled=&#8221;0&#8243;][et_pb_accordion_item title=&#8221;\u00d8 500 JUKU&#8221; open=&#8221;on&#8221; open_toggle_background_color=&#8221;RGBA(255,255,255,0)&#8221; closed_toggle_background_color=&#8221;RGBA(255,255,255,0)&#8221; icon_color=&#8221;#333333&#8243; toggle_icon=&#8221;&#xe050;||divi||400&#8243; _builder_version=&#8221;4.20.2&#8243; _module_preset=&#8221;default&#8221; background_color=&#8221;RGBA(255,255,255,0)&#8221; background_enable_color=&#8221;on&#8221; border_radii=&#8221;on|0px|0px|0px|0px&#8221; border_width_all=&#8221;0px&#8221; border_width_bottom=&#8221;1px&#8221; global_colors_info=&#8221;{}&#8221;]<\/p>\n<p>Files for download:<\/p>\n<table border=\"1\" style=\"width: 100%; border-collapse: collapse; border-style: solid;\">\n<tbody>\n<tr>\n<td style=\"width: 33.3333%;\"><a href=\"https:\/\/eccua.ee\/wp-content\/uploads\/2024\/02\/Juku-pumpla-15m-1.dwg\">DWG<\/a><\/td>\n<td style=\"width: 42.071164%;\"><a href=\"https:\/\/eccua.ee\/wp-content\/uploads\/2024\/02\/Juku-pumpla-15m-1.stp\" download=\"\">STP<\/a><\/td>\n<td style=\"width: 24.595436%;\"><a href=\"https:\/\/eccua.ee\/wp-content\/uploads\/2024\/08\/Pumpingstation-D500-Juku-orderingsheet-.pdf\">ORDER FORM<\/a><\/td>\n<\/tr>\n<\/tbody>\n<\/table>\n<p>[\/et_pb_accordion_item][et_pb_accordion_item title=&#8221;\u00d8 800 EDGAR&#8221; open_toggle_background_color=&#8221;RGBA(255,255,255,0)&#8221; closed_toggle_background_color=&#8221;RGBA(255,255,255,0)&#8221; icon_color=&#8221;#333333&#8243; toggle_icon=&#8221;&#xe050;||divi||400&#8243; _builder_version=&#8221;4.20.2&#8243; _module_preset=&#8221;default&#8221; background_color=&#8221;RGBA(255,255,255,0)&#8221; background_enable_color=&#8221;on&#8221; border_radii=&#8221;on|0px|0px|0px|0px&#8221; border_width_all=&#8221;0px&#8221; border_width_bottom=&#8221;1px&#8221; global_colors_info=&#8221;{}&#8221; open=&#8221;off&#8221;]<\/p>\n<p>Files for download:<\/p>\n<table border=\"1\" style=\"width: 100%; border-collapse: collapse; border-style: solid;\">\n<tbody>\n<tr>\n<td style=\"width: 33.3333%;\"><a href=\"https:\/\/eccua.ee\/wp-content\/uploads\/2024\/02\/Edgar-1500.dwg\" target=\"_blank\" rel=\"noopener\">DWG<\/a><\/td>\n<td style=\"width: 33.3333%;\"><a href=\"https:\/\/eccua.ee\/wp-content\/uploads\/2024\/02\/Edgar-1500.stp\" download=\"\">STP<\/a><\/td>\n<td style=\"width: 33.3333%;\"><a href=\"https:\/\/eccua.ee\/wp-content\/uploads\/2024\/08\/Pumpingstation-D800-Edgar-orderingsheet-1.pdf\">ORDER FORM<\/a><\/td>\n<\/tr>\n<\/tbody>\n<\/table>\n<p>[\/et_pb_accordion_item][et_pb_accordion_item title=&#8221;\u00d8 800 SIIM&#8221; open_toggle_background_color=&#8221;RGBA(255,255,255,0)&#8221; closed_toggle_background_color=&#8221;RGBA(255,255,255,0)&#8221; icon_color=&#8221;#333333&#8243; toggle_icon=&#8221;&#xe050;||divi||400&#8243; _builder_version=&#8221;4.20.2&#8243; _module_preset=&#8221;default&#8221; background_color=&#8221;RGBA(255,255,255,0)&#8221; background_enable_color=&#8221;on&#8221; border_radii=&#8221;on|0px|0px|0px|0px&#8221; border_width_all=&#8221;0px&#8221; border_width_bottom=&#8221;1px&#8221; global_colors_info=&#8221;{}&#8221; open=&#8221;off&#8221;]<\/p>\n<p>Files for download:<\/p>\n<table border=\"1\" style=\"width: 100%; border-collapse: collapse; border-style: solid; height: 24px;\">\n<tbody>\n<tr style=\"height: 24px;\">\n<td style=\"width: 33.3333%; height: 24px;\"><a href=\"https:\/\/eccua.ee\/wp-content\/uploads\/2024\/02\/Siim-2200.dwg\">DWG<\/a><\/td>\n<td style=\"width: 33.3333%; height: 24px;\"><a href=\"https:\/\/eccua.ee\/wp-content\/uploads\/2024\/02\/Siim-2200.stp\" download=\"\">STP<\/a><\/td>\n<td style=\"width: 33.3333%; height: 24px;\"><a href=\"https:\/\/eccua.ee\/wp-content\/uploads\/2024\/08\/Pumpingstation-D800-Siim-orderingsheet.pdf\">ORDER FORM<\/a><\/td>\n<\/tr>\n<\/tbody>\n<\/table>\n<p>[\/et_pb_accordion_item][et_pb_accordion_item title=&#8221;\u00d8 1500 ESTER&#8221; _builder_version=&#8221;4.20.2&#8243; _module_preset=&#8221;default&#8221; global_colors_info=&#8221;{}&#8221; open=&#8221;off&#8221;]<\/p>\n<p>Files for download:<\/p>\n<table border=\"1\" style=\"width: 100%; border-collapse: collapse; border-style: solid; height: 24px;\">\n<tbody>\n<tr style=\"height: 24px;\">\n<td style=\"width: 33.3333%; height: 24px;\"><a href=\"https:\/\/eccua.ee\/wp-content\/uploads\/2024\/02\/Ester2-2500.dwg\" target=\"_blank\" rel=\"noopener\">DWG<\/a><\/td>\n<td style=\"width: 75.080873%; height: 24px;\"><a href=\"https:\/\/eccua.ee\/wp-content\/uploads\/2024\/02\/Ester2-2500.stp\" download=\"\">STP<\/a><\/td>\n<td style=\"width: 3.236246%; height: 24px;\"><a href=\"https:\/\/eccua.ee\/wp-content\/uploads\/2023\/04\/Rasvaeraldaja-NS20.pdf\">T<\/a><a href=\"https:\/\/eccua.ee\/wp-content\/uploads\/2024\/02\/Pumpla-Ester-1500-tellemisleht.pdf\">ELLIMISLEHT<\/a><\/td>\n<\/tr>\n<\/tbody>\n<\/table>\n<p>[\/et_pb_accordion_item][et_pb_accordion_item title=&#8221;\u00d8  1400 TAAVI&#8221; _builder_version=&#8221;4.20.2&#8243; _module_preset=&#8221;default&#8221; global_colors_info=&#8221;{}&#8221; open=&#8221;off&#8221;]<\/p>\n<p>Files for download:<\/p>\n<table border=\"1\" style=\"width: 100%; border-collapse: collapse; border-style: solid;\">\n<tbody>\n<tr>\n<td style=\"width: 33.3333%;\"><a href=\"https:\/\/eccua.ee\/wp-content\/uploads\/2024\/02\/Taavi-2500.dwg\" target=\"_blank\" rel=\"noopener\">DWG<\/a><\/td>\n<td style=\"width: 33.3333%;\"><a href=\"https:\/\/eccua.ee\/wp-content\/uploads\/2024\/02\/Taavi-2500.stp\" download=\"\">STP<\/a><\/td>\n<td style=\"width: 33.3333%;\"><a href=\"https:\/\/eccua.ee\/wp-content\/uploads\/2024\/08\/Pumpingstation-D1500-Ester-orderingsheet-1.pdf\">ORDER FORM<\/a><\/td>\n<\/tr>\n<\/tbody>\n<\/table>\n<p>[\/et_pb_accordion_item][et_pb_accordion_item title=&#8221;\u00d8 1000 WALTER&#8221; _builder_version=&#8221;4.20.2&#8243; _module_preset=&#8221;default&#8221; global_colors_info=&#8221;{}&#8221; open=&#8221;off&#8221;]<\/p>\n<p>Files for download:<\/p>\n<table border=\"1\" style=\"width: 100%; border-collapse: collapse; border-style: solid;\">\n<tbody>\n<tr>\n<td style=\"width: 33.3333%;\"><a href=\"https:\/\/eccua.ee\/wp-content\/uploads\/2024\/02\/Walter2-2500-1.dwg\" target=\"_blank\" rel=\"noopener\">DWG<\/a><\/td>\n<td style=\"width: 33.3333%;\"><a href=\"https:\/\/eccua.ee\/wp-content\/uploads\/2024\/02\/Walter2-2500.stp\" download=\"\">STP<\/a><\/td>\n<td style=\"width: 33.3333%;\"><a href=\"https:\/\/eccua.ee\/wp-content\/uploads\/2024\/08\/Pumpingstation-D1400-Taavi-orderingsheet-1.pdf\">ORDER FORM<\/a><\/td>\n<\/tr>\n<\/tbody>\n<\/table>\n<p>[\/et_pb_accordion_item][et_pb_accordion_item title=&#8221;\u00d8 1800 PRIIDIK&#8221; _builder_version=&#8221;4.20.2&#8243; _module_preset=&#8221;default&#8221; hover_enabled=&#8221;0&#8243; global_colors_info=&#8221;{}&#8221; open=&#8221;off&#8221; sticky_enabled=&#8221;0&#8243;]<\/p>\n<p><span style=\"vertical-align: inherit;\"><span style=\"vertical-align: inherit;\">Files for download:<\/span><\/span><\/p>\n<table border=\"1\" style=\"width: 100%; border-collapse: collapse; border-style: solid;\">\n<tbody>\n<tr>\n<td style=\"width: 33.3333%;\"><a href=\"https:\/\/eccua.ee\/wp-content\/uploads\/2024\/02\/Priidik-D1800-lahendus1-1.dwg\" target=\"_blank\" rel=\"noopener\"><span style=\"vertical-align: inherit;\"><span style=\"vertical-align: inherit;\">DWG<\/span><\/span><\/a><\/td>\n<td style=\"width: 33.3333%;\"><a href=\"https:\/\/eccua.ee\/wp-content\/uploads\/2024\/02\/Priidik-D1800-lahendus1.stp\" download=\"\"><span style=\"vertical-align: inherit;\"><span style=\"vertical-align: inherit;\">STP<\/span><\/span><\/a><\/td>\n<td style=\"width: 33.3333%;\"><a href=\"https:\/\/eccua.ee\/wp-content\/uploads\/2024\/08\/Pumpingstation-D1800-Priidik-orderingsheet.pdf\"><span style=\"vertical-align: inherit;\"><span style=\"vertical-align: inherit;\">ORDER FORM<\/span><\/span><\/a><\/td>\n<\/tr>\n<\/tbody>\n<\/table>\n<p>[\/et_pb_accordion_item][et_pb_accordion_item title=&#8221;\u00d8 2200 LEMBIT&#8221; _builder_version=&#8221;4.20.2&#8243; _module_preset=&#8221;default&#8221; hover_enabled=&#8221;0&#8243; global_colors_info=&#8221;{}&#8221; open=&#8221;off&#8221; sticky_enabled=&#8221;0&#8243;]Failid allalaadimiseks:<\/p>\n<table border=\"1\" style=\"width: 77.669903%; border-collapse: collapse; border-style: solid;\">\n<tbody>\n<tr>\n<td style=\"width: 33.3333%;\"><a href=\"https:\/\/eccua.ee\/wp-content\/uploads\/2024\/02\/Lembit-D2200-lahendus1.dwg\" target=\"_blank\" rel=\"noopener\">DWG<\/a><\/td>\n<td style=\"width: 63.106763%;\"><a href=\"https:\/\/eccua.ee\/wp-content\/uploads\/2024\/02\/Lembit-D2200-lahendus1.stp\" download=\"\">STP<\/a><\/td>\n<td style=\"width: 3.236246%;\"><a href=\"https:\/\/eccua.ee\/wp-content\/uploads\/2024\/08\/Pumpingstation-D2200-Lembit-orderingsheet.pdf\">ORDER FORM<\/a><\/td>\n<\/tr>\n<\/tbody>\n<\/table>\n<p>[\/et_pb_accordion_item][\/et_pb_accordion][\/et_pb_column][\/et_pb_row][\/et_pb_section]<\/p>","protected":false},"excerpt":{"rendered":"<p>PUMPLADEccual on pumplate tootmise kogemust \u00fcle 30 aasta. Selle aja v\u00e4ltel oleme tootnud \u00fcle 10\u00a0000 erineva pumpla nii reo-, drenaa\u017ei- kui ka joogiveele k\u00f5ikidesse Skandinaavia ja Balti riikidesse. Pumplate tootevalik jaguneb kahte gruppi: kinnistute sisesed v\u00e4ikepumplad ja \u00fchisveev\u00e4rgi ehk kommunaalpumplad. &nbsp; Pumplate kestadena kasutame rotatsioonvalu meetodil valmistatud spetsiaalseid PE plastikust monoliitseid korpuseid, PE torust k\u00e4sit\u00f6\u00f6na [&hellip;]<\/p>","protected":false},"author":3,"featured_media":0,"parent":0,"menu_order":0,"comment_status":"closed","ping_status":"closed","template":"","meta":{"_et_pb_use_builder":"on","_et_pb_old_content":"","_et_gb_content_width":"","_uag_custom_page_level_css":"","footnotes":""},"class_list":["post-3264","page","type-page","status-publish","hentry"],"uagb_featured_image_src":{"full":false,"thumbnail":false,"medium":false,"medium_large":false,"large":false,"1536x1536":false,"2048x2048":false,"trp-custom-language-flag":false,"et-pb-post-main-image":false,"et-pb-post-main-image-fullwidth":false,"et-pb-portfolio-image":false,"et-pb-portfolio-module-image":false,"et-pb-portfolio-image-single":false,"et-pb-gallery-module-image-portrait":false,"et-pb-post-main-image-fullwidth-large":false,"et-pb-image--responsive--desktop":false,"et-pb-image--responsive--tablet":false,"et-pb-image--responsive--phone":false},"uagb_author_info":{"display_name":"Kadri-Ly Miil","author_link":"https:\/\/eccua.ee\/en_gb\/author\/kadri-ly\/"},"uagb_comment_info":0,"uagb_excerpt":"PUMPLADEccual on pumplate tootmise kogemust \u00fcle 30 aasta. Selle aja v\u00e4ltel oleme tootnud \u00fcle 10\u00a0000 erineva pumpla nii reo-, drenaa\u017ei- kui ka joogiveele k\u00f5ikidesse Skandinaavia ja Balti riikidesse. Pumplate tootevalik jaguneb kahte gruppi: kinnistute sisesed v\u00e4ikepumplad ja \u00fchisveev\u00e4rgi ehk kommunaalpumplad. &nbsp; Pumplate kestadena kasutame rotatsioonvalu meetodil valmistatud spetsiaalseid PE plastikust monoliitseid korpuseid, PE torust k\u00e4sit\u00f6\u00f6na&hellip;","jetpack_sharing_enabled":true,"_links":{"self":[{"href":"https:\/\/eccua.ee\/en_gb\/wp-json\/wp\/v2\/pages\/3264","targetHints":{"allow":["GET"]}}],"collection":[{"href":"https:\/\/eccua.ee\/en_gb\/wp-json\/wp\/v2\/pages"}],"about":[{"href":"https:\/\/eccua.ee\/en_gb\/wp-json\/wp\/v2\/types\/page"}],"author":[{"embeddable":true,"href":"https:\/\/eccua.ee\/en_gb\/wp-json\/wp\/v2\/users\/3"}],"replies":[{"embeddable":true,"href":"https:\/\/eccua.ee\/en_gb\/wp-json\/wp\/v2\/comments?post=3264"}],"version-history":[{"count":21,"href":"https:\/\/eccua.ee\/en_gb\/wp-json\/wp\/v2\/pages\/3264\/revisions"}],"predecessor-version":[{"id":4028,"href":"https:\/\/eccua.ee\/en_gb\/wp-json\/wp\/v2\/pages\/3264\/revisions\/4028"}],"wp:attachment":[{"href":"https:\/\/eccua.ee\/en_gb\/wp-json\/wp\/v2\/media?parent=3264"}],"curies":[{"name":"wp","href":"https:\/\/api.w.org\/{rel}","templated":true}]}}