{"id":3942,"date":"2025-04-06T12:26:45","date_gmt":"2025-04-06T12:26:45","guid":{"rendered":"https:\/\/eccua.ee\/?page_id=3942"},"modified":"2025-05-19T10:14:05","modified_gmt":"2025-05-19T10:14:05","slug":"3942-2","status":"publish","type":"page","link":"https:\/\/eccua.ee\/en_gb\/3942-2\/","title":{"rendered":"Watermeter well"},"content":{"rendered":"<p>[et_pb_section fb_built=&#8221;1&#8243; _builder_version=&#8221;4.20.2&#8243; _module_preset=&#8221;default&#8221; background_color=&#8221;#ECECEB&#8221; global_colors_info=&#8221;{}&#8221;][et_pb_row column_structure=&#8221;1_2,1_2&#8243; _builder_version=&#8221;4.20.2&#8243; _module_preset=&#8221;default&#8221; global_colors_info=&#8221;{}&#8221;][et_pb_column type=&#8221;1_2&#8243; _builder_version=&#8221;4.20.2&#8243; _module_preset=&#8221;default&#8221; global_colors_info=&#8221;{}&#8221;][et_pb_text _builder_version=&#8221;4.20.2&#8243; _module_preset=&#8221;default&#8221; text_font=&#8221;Abel|700|||||||&#8221; text_font_size=&#8221;3vw&#8221; text_letter_spacing=&#8221;5px&#8221; header_font=&#8221;Abel||||||||&#8221; global_colors_info=&#8221;{}&#8221;]<\/p>\n<p style=\"text-align: center;\">WATERMETER WELL<\/p>\n<p>&nbsp;<\/p>\n<p>[\/et_pb_text][et_pb_blurb image=&#8221;https:\/\/eccua.ee\/wp-content\/uploads\/2025\/03\/vmkaev-Taavi-PIKK-DN20-plastl-Elveso-tyypjoonis_var2-scaled.jpg&#8221; _builder_version=&#8221;4.20.2&#8243; _module_preset=&#8221;default&#8221; animation=&#8221;off&#8221; border_radii_image=&#8221;on|5px|5px|5px|5px&#8221; global_colors_info=&#8221;{}&#8221;]<\/p>\n<p><span><\/span><\/p>\n<p><span style=\"font-weight: 400;\">Eccua manufactures a wide range of water meter chambers for various purposes and applications.\nOur selection of water meter chambers includes:\u00a0<\/span><\/p>\n<p><span style=\"font-weight: 400;\">Our selection of water meter chambers includes:\u00a0<\/span><\/p>\n<ul>\n<li style=\"font-weight: 400;\" aria-level=\"1\"><span style=\"font-weight: 400;\">Chambers with mechanical water meters<\/span><\/li>\n<li style=\"font-weight: 400;\" aria-level=\"1\"><span style=\"font-weight: 400;\">Chambers with multiple mechanical water meters<\/span><\/li>\n<li style=\"font-weight: 400;\" aria-level=\"1\"><span style=\"font-weight: 400;\">Chambers with inductive (electromagnetic) water meters<\/span><\/li>\n<li style=\"font-weight: 400;\" aria-level=\"1\"><span style=\"font-weight: 400;\">Suitable for both clean water and wastewater<\/span><\/li>\n<li style=\"font-weight: 400;\" aria-level=\"1\"><span style=\"font-weight: 400;\">Chamber diameters ranging from 600 mm to 3000 mm<\/span><\/li>\n<li style=\"font-weight: 400;\" aria-level=\"1\"><span style=\"font-weight: 400;\">Chamber materials include rotationally molded PE, filament-wound GRP (glass-reinforced plastic), and spiral-wound PE pipes<\/span><\/li>\n<li style=\"font-weight: 400;\" aria-level=\"1\"><span style=\"font-weight: 400;\">Available with various plastic and cast iron covers<\/span><\/li>\n<\/ul>\n<p>&nbsp;<\/p>\n<p>[\/et_pb_blurb][et_pb_button button_url=&#8221;https:\/\/eccua.ee\/contact\/&#8221; button_text=&#8221;K\u00fcsi pakkumist!&#8221; button_alignment=&#8221;center&#8221; _builder_version=&#8221;4.20.2&#8243; _module_preset=&#8221;default&#8221; custom_button=&#8221;on&#8221; button_text_size=&#8221;1.5vw&#8221; button_text_color=&#8221;#254D3D&#8221; button_bg_color=&#8221;RGBA(255,255,255,0)&#8221; button_border_width=&#8221;2px&#8221; button_border_radius=&#8221;5px&#8221; button_letter_spacing=&#8221;0px&#8221; button_font=&#8221;|||on|||||&#8221; button_icon=&#8221;&#xe010;||divi||400&#8243; button_text_size_tablet=&#8221;2.5vw&#8221; button_text_size_phone=&#8221;3.5vw&#8221; button_text_size_last_edited=&#8221;on|desktop&#8221; locked=&#8221;off&#8221; global_colors_info=&#8221;{}&#8221;][\/et_pb_button][\/et_pb_column][et_pb_column type=&#8221;1_2&#8243; _builder_version=&#8221;4.20.2&#8243; _module_preset=&#8221;default&#8221; global_colors_info=&#8221;{}&#8221;][et_pb_text _builder_version=&#8221;4.20.2&#8243; _module_preset=&#8221;default&#8221; text_font=&#8221;Abel|700|||||||&#8221; text_font_size=&#8221;1.5vw&#8221; text_letter_spacing=&#8221;2px&#8221; header_font=&#8221;Abel||||||||&#8221; global_colors_info=&#8221;{}&#8221;]<\/p>\n<p><span>DRAWINGS<\/span><\/p>\n<p>[\/et_pb_text][et_pb_toggle title=&#8221;JUHENDID&#8221; _builder_version=&#8221;4.20.2&#8243; _module_preset=&#8221;default&#8221; background_color=&#8221;#ECECEB&#8221; border_radii=&#8221;on|5px|5px|5px|5px&#8221; global_colors_info=&#8221;{}&#8221;]<\/p>\n<p><a href=\"https:\/\/eccua.ee\/wp-content\/uploads\/2024\/04\/Mahuti-paigaldusjuhend-10.2023.pdf\">Installation manual<\/a><\/p>\n<p>[\/et_pb_toggle][et_pb_blurb image=&#8221;https:\/\/eccua.ee\/wp-content\/uploads\/2025\/01\/ISO-14001-2015-1-150&#215;150.jpeg&#8221; icon_placement=&#8221;left&#8221; _builder_version=&#8221;4.20.2&#8243; _module_preset=&#8221;default&#8221; global_colors_info=&#8221;{}&#8221;]<a href=\"https:\/\/eccua.ee\/wp-content\/uploads\/2025\/02\/ISO-140012015-scaled.jpeg\">Certificate<\/a>[\/et_pb_blurb][et_pb_blurb image=&#8221;https:\/\/eccua.ee\/wp-content\/uploads\/2025\/01\/ISO_9001-2015.jpg-150&#215;150.png&#8221; icon_placement=&#8221;left&#8221; _builder_version=&#8221;4.20.2&#8243; _module_preset=&#8221;default&#8221; global_colors_info=&#8221;{}&#8221;]<a href=\"https:\/\/eccua.ee\/wp-content\/uploads\/2025\/01\/06.-Jan-Document-3.pdf\">Certificate<\/a>[\/et_pb_blurb][et_pb_accordion open_toggle_text_color=&#8221;#2B2828&#8243; _builder_version=&#8221;4.20.2&#8243; _module_preset=&#8221;default&#8221; closed_toggle_font=&#8221;||||||||&#8221; custom_margin=&#8221;||||false|false&#8221; custom_padding=&#8221;||||false|false&#8221; hover_enabled=&#8221;0&#8243; global_colors_info=&#8221;{}&#8221; sticky_enabled=&#8221;0&#8243;][et_pb_accordion_item title=&#8221;Veem\u00f5\u00f5dukaev D600&#8243; open=&#8221;off&#8221; _builder_version=&#8221;4.20.2&#8243; _module_preset=&#8221;default&#8221; global_colors_info=&#8221;{}&#8221;]<\/p>\n<p>Files for download:<\/p>\n<table border=\"0\" style=\"height: 24px; width: 100%; border-collapse: collapse; border-style: dotted;\">\n<tbody>\n<tr style=\"height: 24px;\">\n<td style=\"width: 33.3333%; height: 24px;\"><a href=\"https:\/\/eccua.ee\/wp-content\/uploads\/2025\/04\/D600-watermeter-well.dwg\">DWG<\/a><\/td>\n<td style=\"width: 33.3333%; height: 24px;\"><a href=\"https:\/\/eccua.ee\/wp-content\/uploads\/2023\/05\/Mahuti-3m3.stp\" download=\"\">STP<\/a><\/td>\n<td style=\"width: 33.3333%; height: 24px;\"><a href=\"https:\/\/eccua.ee\/wp-content\/uploads\/2025\/01\/Tank-PE-3-m3-order-form.pdf\">ORDER FORM<\/a><\/td>\n<\/tr>\n<\/tbody>\n<\/table>\n<p>[\/et_pb_accordion_item][et_pb_accordion_item title=&#8221;Watermeter well D1000 watermeter DN100&#8243; _builder_version=&#8221;4.20.2&#8243; _module_preset=&#8221;default&#8221; hover_enabled=&#8221;0&#8243; global_colors_info=&#8221;{}&#8221; open=&#8221;on&#8221; sticky_enabled=&#8221;0&#8243;]Failid allalaadimiseks:<\/p>\n<table border=\"0\" style=\"height: 24px; width: 100%; border-collapse: collapse; border-style: dotted;\">\n<tbody>\n<tr style=\"height: 24px;\">\n<td style=\"width: 33.3333%; height: 24px;\"><a href=\"https:\/\/eccua.ee\/wp-content\/uploads\/2025\/05\/Watermeter-well-D1000-watermeter-DN100-1.dwg\">DWG<\/a><\/td>\n<td style=\"width: 33.3333%; height: 24px;\"><a href=\"https:\/\/eccua.ee\/wp-content\/uploads\/2023\/05\/Mahuti-3m3.stp\" download=\"\">STP<\/a><\/td>\n<td style=\"width: 33.3333%; height: 24px;\"><a href=\"https:\/\/eccua.ee\/wp-content\/uploads\/2025\/05\/Watermeter-well-D1000-watermeter-DN100-1.pdff\">ORDER FORM<\/a><\/td>\n<\/tr>\n<\/tbody>\n<\/table>\n<p>[\/et_pb_accordion_item][et_pb_accordion_item title=&#8221;Watermeterwell D1200, Dn20 watermeter&#8221; open_toggle_background_color=&#8221;RGBA(255,255,255,0)&#8221; closed_toggle_background_color=&#8221;RGBA(255,255,255,0)&#8221; icon_color=&#8221;#333333&#8243; toggle_icon=&#8221;&#xe050;||divi||400&#8243; _builder_version=&#8221;4.20.2&#8243; _module_preset=&#8221;default&#8221; background_color=&#8221;RGBA(255,255,255,0)&#8221; background_enable_color=&#8221;on&#8221; hover_enabled=&#8221;0&#8243; border_radii=&#8221;on|0px|0px|0px|0px&#8221; border_width_all=&#8221;0px&#8221; border_width_bottom=&#8221;1px&#8221; global_colors_info=&#8221;{}&#8221; open=&#8221;off&#8221; sticky_enabled=&#8221;0&#8243;]<\/p>\n<p><span style=\"vertical-align: inherit;\"><span style=\"vertical-align: inherit;\">Files for download:<\/span><\/span><\/p>\n<table border=\"1\" style=\"width: 100%; border-collapse: collapse; border-style: solid;\">\n<tbody>\n<tr>\n<td style=\"width: 33.3333%;\"><a href=\"https:\/\/eccua.ee\/wp-content\/uploads\/2025\/05\/Watermeterwell-D1200-Dn20-watermeter.dwg\"><span style=\"vertical-align: inherit;\"><span style=\"vertical-align: inherit;\">DWG<\/span><\/span><\/a><\/td>\n<td style=\"width: 33.3333%;\"><a href=\"https:\/\/eccua.ee\/wp-content\/uploads\/2023\/05\/Mahuti-5m3-D1200-KP-21.03.23.stp\" download=\"\"><span style=\"vertical-align: inherit;\"><span style=\"vertical-align: inherit;\">STP<\/span><\/span><\/a><\/td>\n<td style=\"width: 33.3333%;\"><a href=\"https:\/\/eccua.ee\/wp-content\/uploads\/2025\/05\/Watermeterwell-D1200-Dn20-watermeter.pdf\"><span style=\"vertical-align: inherit;\"><span style=\"vertical-align: inherit;\">ORDER FORM<\/span><\/span><\/a><\/td>\n<\/tr>\n<\/tbody>\n<\/table>\n<p>[\/et_pb_accordion_item][et_pb_accordion_item title=&#8221;Watermeterwell D1550 Flowmeter DN15_DN40&#8243; open_toggle_background_color=&#8221;RGBA(255,255,255,0)&#8221; closed_toggle_background_color=&#8221;RGBA(255,255,255,0)&#8221; icon_color=&#8221;#333333&#8243; toggle_icon=&#8221;&#xe050;||divi||400&#8243; _builder_version=&#8221;4.20.2&#8243; _module_preset=&#8221;default&#8221; background_color=&#8221;RGBA(255,255,255,0)&#8221; background_enable_color=&#8221;on&#8221; hover_enabled=&#8221;0&#8243; border_radii=&#8221;on|0px|0px|0px|0px&#8221; border_width_all=&#8221;0px&#8221; border_width_bottom=&#8221;1px&#8221; global_colors_info=&#8221;{}&#8221; open=&#8221;off&#8221; sticky_enabled=&#8221;0&#8243;]<\/p>\n<p><span style=\"vertical-align: inherit;\"><span style=\"vertical-align: inherit;\">Files for download:<\/span><\/span><\/p>\n<table border=\"1\" style=\"width: 100%; border-collapse: collapse; border-style: solid;\">\n<tbody>\n<tr>\n<td style=\"width: 33.3333%;\"><a href=\"https:\/\/eccua.ee\/wp-content\/uploads\/2025\/05\/Watermeterwell-D1550-Flowmeter-DN15_DN40.dwg\" _blank=\"\" rel=\"noopener\"><span style=\"vertical-align: inherit;\"><span style=\"vertical-align: inherit;\">DWG<\/span><\/span><\/a><\/td>\n<td style=\"width: 33.3333%;\"><a href=\"https:\/\/eccua.ee\/wp-content\/uploads\/2023\/05\/Mahuti-5m3.stp\" download=\"\"><span style=\"vertical-align: inherit;\"><span style=\"vertical-align: inherit;\">STP<\/span><\/span><\/a><\/td>\n<td style=\"width: 33.3333%;\"><a href=\"https:\/\/eccua.ee\/wp-content\/uploads\/2025\/05\/Watermeterwell-D1550-Flowmeter-DN15_DN40.pdf\"><span style=\"vertical-align: inherit;\"><span style=\"vertical-align: inherit;\">ORDER FORM<\/span><\/span><\/a><\/td>\n<\/tr>\n<\/tbody>\n<\/table>\n<p>&nbsp;<\/p>\n<p>[\/et_pb_accordion_item][et_pb_accordion_item title=&#8221;Watermeter well D1550 2xQn3-6,3&#8243; open_toggle_background_color=&#8221;RGBA(255,255,255,0)&#8221; closed_toggle_background_color=&#8221;RGBA(255,255,255,0)&#8221; icon_color=&#8221;#333333&#8243; _builder_version=&#8221;4.20.2&#8243; _module_preset=&#8221;default&#8221; background_color=&#8221;RGBA(255,255,255,0)&#8221; background_enable_color=&#8221;on&#8221; hover_enabled=&#8221;0&#8243; border_radii=&#8221;on|0px|0px|0px|0px&#8221; border_width_all=&#8221;0px&#8221; border_width_bottom=&#8221;1px&#8221; global_colors_info=&#8221;{}&#8221; open=&#8221;off&#8221; sticky_enabled=&#8221;0&#8243;]<\/p>\n<p><span style=\"vertical-align: inherit;\"><span style=\"vertical-align: inherit;\">Files for download:<\/span><\/span><\/p>\n<table border=\"1\" style=\"width: 100%; border-collapse: collapse; border-style: solid;\">\n<tbody>\n<tr>\n<td style=\"width: 33.3333%;\"><a href=\"https:\/\/eccua.ee\/wp-content\/uploads\/2025\/05\/Watermeter-well-D1550-2xQn3-63.dwg\"><span style=\"vertical-align: inherit;\"><span style=\"vertical-align: inherit;\">DWG<\/span><\/span><\/a><\/td>\n<td style=\"width: 33.3333%;\"><a href=\"https:\/\/eccua.ee\/wp-content\/uploads\/2023\/05\/Mahuti-8m3-D1600-22.03.23.stp\" download=\"\"><span style=\"vertical-align: inherit;\"><span style=\"vertical-align: inherit;\">STP<\/span><\/span><\/a><\/td>\n<td style=\"width: 33.3333%;\"><a href=\"https:\/\/eccua.ee\/wp-content\/uploads\/2025\/05\/Watermeter-well-D1550-2xQn3-63.pdf\"><span style=\"vertical-align: inherit;\"><span style=\"vertical-align: inherit;\">ORDER FORM<\/span><\/span><\/a><\/td>\n<\/tr>\n<\/tbody>\n<\/table>\n<p>[\/et_pb_accordion_item][et_pb_accordion_item title=&#8221;Watermeter well D1800, flowmeter DN150-250&#8243; open_toggle_background_color=&#8221;RGBA(255,255,255,0)&#8221; closed_toggle_background_color=&#8221;RGBA(255,255,255,0)&#8221; icon_color=&#8221;#333333&#8243; _builder_version=&#8221;4.20.2&#8243; _module_preset=&#8221;default&#8221; background_color=&#8221;RGBA(255,255,255,0)&#8221; background_enable_color=&#8221;on&#8221; hover_enabled=&#8221;0&#8243; border_radii=&#8221;on|0px|0px|0px|0px&#8221; border_width_all=&#8221;0px&#8221; border_width_bottom=&#8221;1px&#8221; global_colors_info=&#8221;{}&#8221; open=&#8221;off&#8221; sticky_enabled=&#8221;0&#8243;]<\/p>\n<p><span style=\"vertical-align: inherit;\"><span style=\"vertical-align: inherit;\">Files for download:<\/span><\/span><\/p>\n<table border=\"1\" style=\"width: 100%; border-collapse: collapse; border-style: solid; height: 24px;\">\n<tbody>\n<tr style=\"height: 24px;\">\n<td style=\"width: 33.3333%; height: 24px;\"><a href=\"https:\/\/eccua.ee\/wp-content\/uploads\/2025\/05\/Watermeter-well-D1800-flowmeter-DN150-250-1.dwg\"><span style=\"vertical-align: inherit;\"><span style=\"vertical-align: inherit;\">DWG<\/span><\/span><\/a><\/td>\n<td style=\"width: 33.3333%; height: 24px;\"><a href=\"https:\/\/eccua.ee\/wp-content\/uploads\/2023\/05\/Mahuti-10m3-20.02.23.stp\" download=\"\"><span style=\"vertical-align: inherit;\"><span style=\"vertical-align: inherit;\">STP<\/span><\/span><\/a><\/td>\n<td style=\"width: 33.3333%; height: 24px;\"><a href=\"https:\/\/eccua.ee\/wp-content\/uploads\/2025\/05\/Watermeter-well-D1800-flowmeter-DN150-250-1.pdf\"><span style=\"vertical-align: inherit;\"><span style=\"vertical-align: inherit;\">ORDER FORM<\/span><\/span><\/a><\/td>\n<\/tr>\n<\/tbody>\n<\/table>\n<p>[\/et_pb_accordion_item][et_pb_accordion_item title=&#8221;Watermeter well D2200, 4xDN40 flowmeter&#8221; open_toggle_background_color=&#8221;RGBA(255,255,255,0)&#8221; closed_toggle_background_color=&#8221;RGBA(255,255,255,0)&#8221; icon_color=&#8221;#333333&#8243; _builder_version=&#8221;4.20.2&#8243; _module_preset=&#8221;default&#8221; background_color=&#8221;RGBA(255,255,255,0)&#8221; background_enable_color=&#8221;on&#8221; hover_enabled=&#8221;0&#8243; border_radii=&#8221;on|0px|0px|0px|0px&#8221; border_width_all=&#8221;0px&#8221; border_width_bottom=&#8221;1px&#8221; global_colors_info=&#8221;{}&#8221; open=&#8221;off&#8221; sticky_enabled=&#8221;0&#8243;]<\/p>\n<p><span style=\"vertical-align: inherit;\"><span style=\"vertical-align: inherit;\">Files for download:<\/span><\/span><\/p>\n<table border=\"1\" style=\"width: 100%; border-collapse: collapse; border-style: solid; height: 24px;\">\n<tbody>\n<tr style=\"height: 24px;\">\n<td style=\"width: 33.3333%; height: 24px;\"><a href=\"https:\/\/eccua.ee\/wp-content\/uploads\/2025\/05\/Watermeter-well-D2200-4xDN40-flowmeter.dwg\"><span style=\"vertical-align: inherit;\"><span style=\"vertical-align: inherit;\">DWG<\/span><\/span><\/a><\/td>\n<td style=\"width: 33.3333%; height: 24px;\"><a href=\"https:\/\/eccua.ee\/wp-content\/uploads\/2023\/05\/Mahuti-10m3-20.02.23.stp\" download=\"\"><span style=\"vertical-align: inherit;\"><span style=\"vertical-align: inherit;\">STP<\/span><\/span><\/a><\/td>\n<td style=\"width: 33.3333%; height: 24px;\"><a href=\"https:\/\/eccua.ee\/wp-content\/uploads\/2025\/05\/Watermeter-well-D2200-4xDN40-flowmeter.pdf\"><span style=\"vertical-align: inherit;\"><span style=\"vertical-align: inherit;\">ORDER FORM<\/span><\/span><\/a><\/td>\n<\/tr>\n<\/tbody>\n<\/table>\n<p>[\/et_pb_accordion_item][et_pb_accordion_item title=&#8221;Watermeter well D2200, DN300-350 flowmeter DN100 bypass&#8221; open_toggle_background_color=&#8221;RGBA(255,255,255,0)&#8221; closed_toggle_background_color=&#8221;RGBA(255,255,255,0)&#8221; icon_color=&#8221;#333333&#8243; _builder_version=&#8221;4.20.2&#8243; _module_preset=&#8221;default&#8221; background_color=&#8221;RGBA(255,255,255,0)&#8221; background_enable_color=&#8221;on&#8221; hover_enabled=&#8221;0&#8243; border_radii=&#8221;on|0px|0px|0px|0px&#8221; border_width_all=&#8221;0px&#8221; border_width_bottom=&#8221;1px&#8221; global_colors_info=&#8221;{}&#8221; open=&#8221;off&#8221; sticky_enabled=&#8221;0&#8243;]<\/p>\n<p><span style=\"vertical-align: inherit;\"><span style=\"vertical-align: inherit;\"><span style=\"vertical-align: inherit;\"><span style=\"vertical-align: inherit;\">Files for download:<\/span><\/span><\/span><\/span><\/p>\n<table border=\"1\" style=\"width: 100%; border-collapse: collapse; border-style: solid; height: 24px;\">\n<tbody>\n<tr style=\"height: 24px;\">\n<td style=\"width: 33.3333%; height: 24px;\"><a href=\"https:\/\/eccua.ee\/wp-content\/uploads\/2025\/05\/Watermeter-well-D2200-DN300-350-flowmeter-DN100-bypass.dwg\"><span style=\"vertical-align: inherit;\"><span style=\"vertical-align: inherit;\"><span style=\"vertical-align: inherit;\"><span style=\"vertical-align: inherit;\">DWG<\/span><\/span><\/span><\/span><\/a><\/td>\n<td style=\"width: 33.3333%; height: 24px;\"><a href=\"https:\/\/eccua.ee\/wp-content\/uploads\/2023\/05\/Mahuti-10m3-20.02.23.stp\" download=\"\"><span style=\"vertical-align: inherit;\"><span style=\"vertical-align: inherit;\"><span style=\"vertical-align: inherit;\"><span style=\"vertical-align: inherit;\">STP<\/span><\/span><\/span><\/span><\/a><\/td>\n<td style=\"width: 33.3333%; height: 24px;\"><a href=\"https:\/\/eccua.ee\/wp-content\/uploads\/2025\/05\/Watermeter-well-D2200-DN300-350-flowmeter-DN100-bypass.pdf\"><span style=\"vertical-align: inherit;\"><span style=\"vertical-align: inherit;\"><span style=\"vertical-align: inherit;\"><span style=\"vertical-align: inherit;\">ORDER FORM<\/span><\/span><\/span><\/span><\/a><\/td>\n<\/tr>\n<\/tbody>\n<\/table>\n<p>[\/et_pb_accordion_item][\/et_pb_accordion][\/et_pb_column][\/et_pb_row][\/et_pb_section]<\/p>","protected":false},"excerpt":{"rendered":"<p>VEEM\u00d5\u00d5DUKAEVUD &nbsp; Eccua valmistab suures valikus erineva otstarbe ja kasutusega veem\u00f5\u00f5dukaeve.\u00a0 Meie veem\u00f5\u00f5dukaevude valikus on:\u00a0 Mehaanilise veem\u00f5\u00f5tjaga; Mitme mehaanilise veem\u00f5\u00f5tjaga; Induktiivse veem\u00f5\u00f5tjaga; Nii puhtale veele kui ka heitvetele; Kaevu kestad l\u00e4bim\u00f5\u00f5tudega alates 600 mm kuni 3000 mm; Kaevukestade materjalid rotatsioonitehnoloogial valmistatud PE kaevud, kerimismeetodil valmistatud klaasplast e. GRP ja spiraalsetelt keritud PE torudest; Erinevate plastikust [&hellip;]<\/p>","protected":false},"author":3,"featured_media":0,"parent":0,"menu_order":0,"comment_status":"closed","ping_status":"closed","template":"","meta":{"_et_pb_use_builder":"on","_et_pb_old_content":"","_et_gb_content_width":"","_uag_custom_page_level_css":"","footnotes":""},"class_list":["post-3942","page","type-page","status-publish","hentry"],"uagb_featured_image_src":{"full":false,"thumbnail":false,"medium":false,"medium_large":false,"large":false,"1536x1536":false,"2048x2048":false,"trp-custom-language-flag":false,"et-pb-post-main-image":false,"et-pb-post-main-image-fullwidth":false,"et-pb-portfolio-image":false,"et-pb-portfolio-module-image":false,"et-pb-portfolio-image-single":false,"et-pb-gallery-module-image-portrait":false,"et-pb-post-main-image-fullwidth-large":false,"et-pb-image--responsive--desktop":false,"et-pb-image--responsive--tablet":false,"et-pb-image--responsive--phone":false},"uagb_author_info":{"display_name":"Kadri-Ly Miil","author_link":"https:\/\/eccua.ee\/en_gb\/author\/kadri-ly\/"},"uagb_comment_info":0,"uagb_excerpt":"VEEM\u00d5\u00d5DUKAEVUD &nbsp; Eccua valmistab suures valikus erineva otstarbe ja kasutusega veem\u00f5\u00f5dukaeve.\u00a0 Meie veem\u00f5\u00f5dukaevude valikus on:\u00a0 Mehaanilise veem\u00f5\u00f5tjaga; Mitme mehaanilise veem\u00f5\u00f5tjaga; Induktiivse veem\u00f5\u00f5tjaga; Nii puhtale veele kui ka heitvetele; Kaevu kestad l\u00e4bim\u00f5\u00f5tudega alates 600 mm kuni 3000 mm; Kaevukestade materjalid rotatsioonitehnoloogial valmistatud PE kaevud, kerimismeetodil valmistatud klaasplast e. GRP ja spiraalsetelt keritud PE torudest; Erinevate plastikust&hellip;","jetpack_sharing_enabled":true,"_links":{"self":[{"href":"https:\/\/eccua.ee\/en_gb\/wp-json\/wp\/v2\/pages\/3942","targetHints":{"allow":["GET"]}}],"collection":[{"href":"https:\/\/eccua.ee\/en_gb\/wp-json\/wp\/v2\/pages"}],"about":[{"href":"https:\/\/eccua.ee\/en_gb\/wp-json\/wp\/v2\/types\/page"}],"author":[{"embeddable":true,"href":"https:\/\/eccua.ee\/en_gb\/wp-json\/wp\/v2\/users\/3"}],"replies":[{"embeddable":true,"href":"https:\/\/eccua.ee\/en_gb\/wp-json\/wp\/v2\/comments?post=3942"}],"version-history":[{"count":14,"href":"https:\/\/eccua.ee\/en_gb\/wp-json\/wp\/v2\/pages\/3942\/revisions"}],"predecessor-version":[{"id":4046,"href":"https:\/\/eccua.ee\/en_gb\/wp-json\/wp\/v2\/pages\/3942\/revisions\/4046"}],"wp:attachment":[{"href":"https:\/\/eccua.ee\/en_gb\/wp-json\/wp\/v2\/media?parent=3942"}],"curies":[{"name":"wp","href":"https:\/\/api.w.org\/{rel}","templated":true}]}}